{"id":2068,"date":"2025-11-07T13:30:06","date_gmt":"2025-11-07T13:30:06","guid":{"rendered":"https:\/\/ddibuy.com\/?page_id=2068"},"modified":"2025-11-18T10:07:36","modified_gmt":"2025-11-18T10:07:36","slug":"ddibuy-about-us","status":"publish","type":"page","link":"https:\/\/ddibuy.com\/tr\/ddibuy-about-us\/","title":{"rendered":"Hakk\u0131m\u0131zda"},"content":{"rendered":"<div data-elementor-type=\"wp-page\" data-elementor-id=\"2068\" class=\"elementor elementor-2068\" data-elementor-post-type=\"page\">\n\t\t\t\t<div class=\"elementor-element elementor-element-37dd69b e-flex e-con-boxed e-con e-parent\" data-id=\"37dd69b\" data-element_type=\"container\" data-e-type=\"container\">\n\t\t\t\t\t<div class=\"e-con-inner\">\n\t\t\t\t<div class=\"elementor-element elementor-element-80cb66a elementor-widget elementor-widget-spacer\" data-id=\"80cb66a\" data-element_type=\"widget\" data-e-type=\"widget\" data-widget_type=\"spacer.default\">\n\t\t\t\t\t\t\t<div class=\"elementor-spacer\">\n\t\t\t<div class=\"elementor-spacer-inner\"><\/div>\n\t\t<\/div>\n\t\t\t\t\t\t<\/div>\n\t\t\t\t\t<\/div>\n\t\t\t\t<\/div>\n\t\t<div class=\"elementor-element elementor-element-d56718e e-flex e-con-boxed e-con e-parent\" data-id=\"d56718e\" data-element_type=\"container\" data-e-type=\"container\" data-settings=\"{&quot;background_background&quot;:&quot;classic&quot;}\">\n\t\t\t\t\t<div class=\"e-con-inner\">\n\t\t<div class=\"elementor-element elementor-element-203b515 e-con-full e-flex e-con e-child\" data-id=\"203b515\" data-element_type=\"container\" data-e-type=\"container\" data-settings=\"{&quot;background_background&quot;:&quot;classic&quot;}\">\n\t\t\t\t<div class=\"elementor-element elementor-element-9c551ed elementor-widget elementor-widget-heading\" data-id=\"9c551ed\" data-element_type=\"widget\" data-e-type=\"widget\" data-widget_type=\"heading.default\">\n\t\t\t\t\t<h1 class=\"elementor-heading-title elementor-size-default\">DDiBuy Hakk\u0131m\u0131zda \u2014 D\u00fcr\u00fcst G\u00fczellik Yorumlar\u0131, Hikayemiz ve Misyonumuz<\/h1>\t\t\t\t<\/div>\n\t\t\t\t<div class=\"elementor-element elementor-element-e59ef12 elementor-widget elementor-widget-text-editor\" data-id=\"e59ef12\" data-element_type=\"widget\" data-e-type=\"widget\" data-widget_type=\"text-editor.default\">\n\t\t\t\t\t\t\t\t\t<p data-start=\"1647\" data-end=\"1861\">Ho\u015fgeldiniz <strong data-start=\"329\" data-end=\"339\">DDiBuy<\/strong>, g\u00fcvenilir k\u00fcresel platformunuz d\u00fcr\u00fcst g\u00fczellik yorumlar\u0131 ve cilt bak\u0131m\u0131 \u00f6nerileri i\u00e7in.<br data-start=\"425\" data-end=\"428\" \/>Bu sayfada <strong data-start=\"436\" data-end=\"455\">DDiBuy Hakk\u0131m\u0131zda<\/strong> sizlerle kim oldu\u011fumuzu, nas\u0131l ba\u015flad\u0131\u011f\u0131m\u0131z\u0131 ve neden binlerce g\u00fczellik tutkununun i\u00e7eri\u011fimize g\u00fcvendi\u011fini payla\u015fmak istiyoruz.<\/p>\t\t\t\t\t\t\t\t<\/div>\n\t\t\t\t<div class=\"elementor-element elementor-element-e9cd835 elementor-widget elementor-widget-spacer\" data-id=\"e9cd835\" data-element_type=\"widget\" data-e-type=\"widget\" data-widget_type=\"spacer.default\">\n\t\t\t\t\t\t\t<div class=\"elementor-spacer\">\n\t\t\t<div class=\"elementor-spacer-inner\"><\/div>\n\t\t<\/div>\n\t\t\t\t\t\t<\/div>\n\t\t\t\t<\/div>\n\t\t\t\t<div class=\"elementor-element elementor-element-74d16b6 elementor-widget elementor-widget-spacer\" data-id=\"74d16b6\" data-element_type=\"widget\" data-e-type=\"widget\" data-widget_type=\"spacer.default\">\n\t\t\t\t\t\t\t<div class=\"elementor-spacer\">\n\t\t\t<div class=\"elementor-spacer-inner\"><\/div>\n\t\t<\/div>\n\t\t\t\t\t\t<\/div>\n\t\t\t\t\t<\/div>\n\t\t\t\t<\/div>\n\t\t<div class=\"elementor-element elementor-element-a0b842f e-flex e-con-boxed e-con e-parent\" data-id=\"a0b842f\" data-element_type=\"container\" data-e-type=\"container\">\n\t\t\t\t\t<div class=\"e-con-inner\">\n\t\t<div class=\"elementor-element elementor-element-9a80f52 e-con-full e-flex e-con e-child\" data-id=\"9a80f52\" data-element_type=\"container\" data-e-type=\"container\" data-settings=\"{&quot;background_background&quot;:&quot;classic&quot;}\">\n\t\t\t\t<div class=\"elementor-element elementor-element-309310e elementor-widget elementor-widget-heading\" data-id=\"309310e\" data-element_type=\"widget\" data-e-type=\"widget\" data-widget_type=\"heading.default\">\n\t\t\t\t\t<h2 class=\"elementor-heading-title elementor-size-default\">Hikayemiz \u2014 DDiBuy Nas\u0131l Ba\u015flad\u0131<\/h2>\t\t\t\t<\/div>\n\t\t\t\t<div class=\"elementor-element elementor-element-e8d38fd elementor-widget elementor-widget-text-editor\" data-id=\"e8d38fd\" data-element_type=\"widget\" data-e-type=\"widget\" data-widget_type=\"text-editor.default\">\n\t\t\t\t\t\t\t\t\t<p data-start=\"618\" data-end=\"736\">DDiBuy basit bir vizyonla ba\u015flad\u0131:<br data-start=\"652\" data-end=\"655\" \/><strong data-start=\"655\" data-end=\"736\">g\u00fczellik al\u0131\u015fveri\u015fi yapanlara ger\u00e7ek, tarafs\u0131z, deneyim bazl\u0131 \u00fcr\u00fcn bilgisi sunmak.<\/strong><\/p><p data-start=\"738\" data-end=\"902\">G\u00fczellik sekt\u00f6r\u00fcnde sponsorlu g\u00f6nderiler, yan\u0131lt\u0131c\u0131 reklamlar ve a\u015f\u0131r\u0131 cilalanm\u0131\u015f pazarlama artt\u0131k\u00e7a, t\u00fcketicilerin d\u00fcr\u00fcst g\u00f6r\u00fc\u015fleri bulmas\u0131 zorla\u015ft\u0131:<\/p><ul data-start=\"904\" data-end=\"1058\"><li data-start=\"904\" data-end=\"947\"><p data-start=\"906\" data-end=\"947\">Hangi fond\u00f6ten ger\u00e7ekten iyi performans g\u00f6steriyor<\/p><\/li><li data-start=\"948\" data-end=\"995\"><p data-start=\"950\" data-end=\"995\">Hangi cilt bak\u0131m \u00fcr\u00fcnleri paraya de\u011fer<\/p><\/li><li data-start=\"996\" data-end=\"1028\"><p data-start=\"998\" data-end=\"1028\">Hangi markalar g\u00fcvenilir<\/p><\/li><li data-start=\"1029\" data-end=\"1058\"><p data-start=\"1031\" data-end=\"1058\">Hangi \u00fcr\u00fcnler abart\u0131l\u0131yor<\/p><\/li><\/ul><p data-start=\"1060\" data-end=\"1183\">DDiBuy'u bir \u00e7\u00f6z\u00fcm olarak yaratt\u0131k \u2014 <strong data-start=\"1108\" data-end=\"1140\">ger\u00e7ekler pazarlamadan \u00f6nce gelir<\/strong>, ve <strong data-start=\"1146\" data-end=\"1182\">ger\u00e7ek testler trendlerden \u00f6nce gelir<\/strong>.<\/p>\t\t\t\t\t\t\t\t<\/div>\n\t\t\t\t<\/div>\n\t\t\t\t\t<\/div>\n\t\t\t\t<\/div>\n\t\t<div class=\"elementor-element elementor-element-237b53a e-flex e-con-boxed e-con e-parent\" data-id=\"237b53a\" data-element_type=\"container\" data-e-type=\"container\">\n\t\t\t\t\t<div class=\"e-con-inner\">\n\t\t\t\t<div class=\"elementor-element elementor-element-14adb1e elementor-widget elementor-widget-spacer\" data-id=\"14adb1e\" data-element_type=\"widget\" data-e-type=\"widget\" data-widget_type=\"spacer.default\">\n\t\t\t\t\t\t\t<div class=\"elementor-spacer\">\n\t\t\t<div class=\"elementor-spacer-inner\"><\/div>\n\t\t<\/div>\n\t\t\t\t\t\t<\/div>\n\t\t\t\t\t<\/div>\n\t\t\t\t<\/div>\n\t\t<div class=\"elementor-element elementor-element-e3f940f e-flex e-con-boxed e-con e-parent\" data-id=\"e3f940f\" data-element_type=\"container\" data-e-type=\"container\">\n\t\t\t\t\t<div class=\"e-con-inner\">\n\t\t<div class=\"elementor-element elementor-element-db97c7e e-con-full e-flex e-con e-child\" data-id=\"db97c7e\" data-element_type=\"container\" data-e-type=\"container\">\n\t\t\t\t<div class=\"elementor-element elementor-element-5ffba1c elementor-widget elementor-widget-heading\" data-id=\"5ffba1c\" data-element_type=\"widget\" data-e-type=\"widget\" data-widget_type=\"heading.default\">\n\t\t\t\t\t<h2 class=\"elementor-heading-title elementor-size-default\">Kurucuyla Tan\u0131\u015f\u0131n<\/h2>\t\t\t\t<\/div>\n\t\t\t\t<div class=\"elementor-element elementor-element-cf2441e elementor-widget elementor-widget-text-editor\" data-id=\"cf2441e\" data-element_type=\"widget\" data-e-type=\"widget\" data-widget_type=\"text-editor.default\">\n\t\t\t\t\t\t\t\t\t<p data-start=\"1215\" data-end=\"1420\">DDiBuy, y\u0131llarca k\u00fcresel makyaj trendlerini analiz eden, y\u00fczlerce \u00fcr\u00fcn deneyen ve uluslararas\u0131 al\u0131\u015fveri\u015f yapanlar\u0131n daha ak\u0131ll\u0131 ve g\u00fcvenli al\u0131\u015fveri\u015f yapmas\u0131na yard\u0131mc\u0131 olan uzun s\u00fcredir g\u00fczellik tutkusuyla dolu bir ki\u015fi taraf\u0131ndan kuruldu.<\/p><p data-start=\"1422\" data-end=\"1469\">DDiBuy'u ba\u015flatmadan \u00f6nce kurucumuz \u015fu pozisyonlarda \u00e7al\u0131\u015ft\u0131:<\/p><ul data-start=\"1471\" data-end=\"1662\"><li data-start=\"1471\" data-end=\"1511\"><p data-start=\"1473\" data-end=\"1511\">Bir g\u00fczellik inceleyicisi ve \u00fcr\u00fcn test\u00e7isi<\/p><\/li><li data-start=\"1512\" data-end=\"1557\"><p data-start=\"1514\" data-end=\"1557\">Yurtd\u0131\u015f\u0131 g\u00fczellik al\u0131\u015fveri\u015fi dan\u0131\u015fman\u0131<\/p><\/li><li data-start=\"1558\" data-end=\"1590\"><p data-start=\"1560\" data-end=\"1590\">Bir marka i\u015fbirli\u011fi test\u00e7isi<\/p><\/li><li data-start=\"1591\" data-end=\"1662\"><p data-start=\"1593\" data-end=\"1662\">T\u00fcrkiye, Birle\u015fik Krall\u0131k ve Avustralya g\u00fczellik t\u00fcketici davran\u0131\u015flar\u0131 ara\u015ft\u0131rmac\u0131s\u0131<\/p><\/li><\/ul><p data-start=\"1664\" data-end=\"1762\">Say\u0131s\u0131z \u00fcr\u00fcn testi ve ger\u00e7ek kullan\u0131c\u0131larla yap\u0131lan sohbetlerden sonra b\u00fcy\u00fck bir sorunu ke\u015ffetti:<\/p><blockquote data-start=\"1764\" data-end=\"1851\"><p data-start=\"1766\" data-end=\"1851\"><strong data-start=\"1766\" data-end=\"1851\">\u0130nsanlar daha fazla reklama ihtiyac\u0131m yoktu. G\u00fcvenebilecekleri d\u00fcr\u00fcst yorumlara ihtiya\u00e7lar\u0131 vard\u0131.<\/strong><\/p><\/blockquote><p data-start=\"1853\" data-end=\"1887\">DDiBuy bu bo\u015flu\u011fu doldurmak i\u00e7in kuruldu.<\/p>\t\t\t\t\t\t\t\t<\/div>\n\t\t\t\t<\/div>\n\t\t\t\t\t<\/div>\n\t\t\t\t<\/div>\n\t\t<div class=\"elementor-element elementor-element-18ac794 e-flex e-con-boxed e-con e-parent\" data-id=\"18ac794\" data-element_type=\"container\" data-e-type=\"container\">\n\t\t\t\t\t<div class=\"e-con-inner\">\n\t\t<div class=\"elementor-element elementor-element-bd73569 e-con-full e-flex e-con e-child\" data-id=\"bd73569\" data-element_type=\"container\" data-e-type=\"container\">\n\t\t\t\t<div class=\"elementor-element elementor-element-94e7a27 elementor-widget elementor-widget-heading\" data-id=\"94e7a27\" data-element_type=\"widget\" data-e-type=\"widget\" data-widget_type=\"heading.default\">\n\t\t\t\t\t<h2 class=\"elementor-heading-title elementor-size-default\">Misyonumuz \u2014 Ne \u0130\u00e7in Duruyoruz<\/h2>\t\t\t\t<\/div>\n\t\t\t\t<div class=\"elementor-element elementor-element-d764965 elementor-widget elementor-widget-text-editor\" data-id=\"d764965\" data-element_type=\"widget\" data-e-type=\"widget\" data-widget_type=\"text-editor.default\">\n\t\t\t\t\t\t\t\t\t<p data-start=\"1934\" data-end=\"1955\">Misyonumuz net:<\/p><blockquote data-start=\"1957\" data-end=\"2057\"><p data-start=\"1959\" data-end=\"2057\"><strong data-start=\"1959\" data-end=\"2057\">\u015eeffaf, detayl\u0131 ve d\u00fcr\u00fcst yorumlar arac\u0131l\u0131\u011f\u0131yla kendinden emin g\u00fczellik kararlar\u0131 vermenize yard\u0131mc\u0131 olmak.<\/strong><\/p><\/blockquote><p data-start=\"2059\" data-end=\"2076\">Uzmanl\u0131k alanlar\u0131m\u0131z:<\/p><h3 data-start=\"2078\" data-end=\"2117\">\u2714 Makyaj ve G\u00fczellik \u00dcr\u00fcnleri Yorumlar\u0131<\/h3><p data-start=\"2118\" data-end=\"2242\">Ger\u00e7ek doku, ger\u00e7ek kullan\u0131m testi, ger\u00e7ek sonu\u00e7lar.<br data-start=\"2161\" data-end=\"2164\" \/>T\u00fcm detayl\u0131 yorumlar\u0131m\u0131z\u0131 burada ke\u015ffedin:<a href=\"https:\/\/ddibuy.com\/tr\/product-review\/\"><strong>\u00fcr\u00fcn-incelemesi<\/strong><\/a><\/p><h3 data-start=\"2244\" data-end=\"2276\">\u2714 Cilt Bak\u0131m\u0131 \u00d6nerileri<\/h3><p data-start=\"2277\" data-end=\"2391\">Hassas cilt k\u0131lavuzlar\u0131ndan anti-aging rutinlere, her \u015fey ger\u00e7ek deneyim ve i\u00e7erik analizi temelindedir.<\/p><h3 data-start=\"2393\" data-end=\"2439\">\u2714 G\u00fczellik Taklitleri (Uygun Fiyatl\u0131 Alternatifler)<\/h3><p data-start=\"2440\" data-end=\"2513\">Kullan\u0131c\u0131lar\u0131n y\u00fcksek kaliteli b\u00fct\u00e7e dostu se\u00e7enekler bulmas\u0131na yard\u0131mc\u0131 oluyoruz.<\/p><h3 data-start=\"2515\" data-end=\"2542\">\u2714 \u00dcr\u00fcn Kar\u015f\u0131la\u015ft\u0131rmalar\u0131<\/h3><p data-start=\"2543\" data-end=\"2601\">Ger\u00e7ekten al\u0131nmaya de\u011fer olanlar\u0131 g\u00f6stermek i\u00e7in yan yana kar\u015f\u0131la\u015ft\u0131rmalar.<\/p><p data-start=\"2603\" data-end=\"2721\">Daha fazla g\u00fczellik g\u00fcncellemesi, rehber ve uzman g\u00f6r\u00fc\u015fleri i\u00e7in G\u00fczellik Haberleri blogumuzu ziyaret edin:<a href=\"https:\/\/ddibuy.com\/tr\/beauty-news\/\"><strong>g\u00fczellik-haberleri<\/strong><\/a><\/p>\t\t\t\t\t\t\t\t<\/div>\n\t\t\t\t<\/div>\n\t\t\t\t\t<\/div>\n\t\t\t\t<\/div>\n\t\t<div class=\"elementor-element elementor-element-782ad10 e-flex e-con-boxed e-con e-parent\" data-id=\"782ad10\" data-element_type=\"container\" data-e-type=\"container\">\n\t\t\t\t\t<div class=\"e-con-inner\">\n\t\t<div class=\"elementor-element elementor-element-d7edf5c e-con-full e-flex e-con e-child\" data-id=\"d7edf5c\" data-element_type=\"container\" data-e-type=\"container\">\n\t\t\t\t<div class=\"elementor-element elementor-element-5e3402c elementor-widget elementor-widget-heading\" data-id=\"5e3402c\" data-element_type=\"widget\" data-e-type=\"widget\" data-widget_type=\"heading.default\">\n\t\t\t\t\t<h2 class=\"elementor-heading-title elementor-size-default\">DDiBuy'i Farkl\u0131 K\u0131lan Nedir?<\/h2>\t\t\t\t<\/div>\n\t\t\t\t<div class=\"elementor-element elementor-element-711cf7e elementor-widget elementor-widget-text-editor\" data-id=\"711cf7e\" data-element_type=\"widget\" data-e-type=\"widget\" data-widget_type=\"text-editor.default\">\n\t\t\t\t\t\t\t\t\t<h3 data-start=\"2765\" data-end=\"2816\"><strong data-start=\"2769\" data-end=\"2814\">Ger\u00e7ek Deneyim, Sponsorlu Senaryolar De\u011fil<\/strong><\/h3><p data-start=\"2817\" data-end=\"2878\">Her yorum, ger\u00e7ek testlere dayanmaktad\u0131r \u2014 \u00fccretli etki de\u011fildir.<\/p><h3 data-start=\"2880\" data-end=\"2922\"><strong data-start=\"2884\" data-end=\"2920\">Bilimi + Ger\u00e7ek Kullan\u0131m\u0131 Birle\u015ftiriyoruz<\/strong><\/h3><p data-start=\"2923\" data-end=\"2993\">Form\u00fclleri, malzemeleri, dokuyu, dayan\u0131kl\u0131l\u0131\u011f\u0131 ve performans\u0131 analiz ediyoruz.<\/p><h3 data-start=\"2995\" data-end=\"3023\"><strong data-start=\"2999\" data-end=\"3021\">K\u00fcresel \u0130zleyici<\/strong><\/h3><p data-start=\"3024\" data-end=\"3100\">Okuyuculara T\u00fcrkiye genelinde hizmet veriyoruz.<\/p><h3 data-start=\"3102\" data-end=\"3134\"><strong data-start=\"3106\" data-end=\"3132\">4. Ba\u011f\u0131ms\u0131z Kal\u0131yoruz<\/strong><\/h3><p data-start=\"3135\" data-end=\"3181\">Markalar yapmaz <strong data-start=\"3145\" data-end=\"3152\">hassas finansal veya kimlik bilgisi<\/strong> inceleme veya d\u00fczenleme yapmam\u0131za izin verin.<\/p><h3 data-start=\"3183\" data-end=\"3224\"><strong data-start=\"3187\" data-end=\"3222\">5. S\u00fcrekli G\u00fcncellenen \u0130\u00e7erik<\/strong><\/h3><p data-start=\"3225\" data-end=\"3301\">\u00dcr\u00fcnler yeniden form\u00fcle edildik\u00e7e veya trendler de\u011fi\u015ftik\u00e7e, incelemelerimizi buna g\u00f6re g\u00fcncelliyoruz.<\/p>\t\t\t\t\t\t\t\t<\/div>\n\t\t\t\t<\/div>\n\t\t\t\t\t<\/div>\n\t\t\t\t<\/div>\n\t\t<div class=\"elementor-element elementor-element-9b25afa e-flex e-con-boxed e-con e-parent\" data-id=\"9b25afa\" data-element_type=\"container\" data-e-type=\"container\">\n\t\t\t\t\t<div class=\"e-con-inner\">\n\t\t<div class=\"elementor-element elementor-element-c3fd2d4 e-con-full e-flex e-con e-child\" data-id=\"c3fd2d4\" data-element_type=\"container\" data-e-type=\"container\">\n\t\t\t\t<div class=\"elementor-element elementor-element-12be83d elementor-widget elementor-widget-heading\" data-id=\"12be83d\" data-element_type=\"widget\" data-e-type=\"widget\" data-widget_type=\"heading.default\">\n\t\t\t\t\t<h2 class=\"elementor-heading-title elementor-size-default\">Vizyonumuz \u2014 DDiBuy Nerelere Gidiyor<\/h2>\t\t\t\t<\/div>\n\t\t\t\t<div class=\"elementor-element elementor-element-9a42623 elementor-widget elementor-widget-text-editor\" data-id=\"9a42623\" data-element_type=\"widget\" data-e-type=\"widget\" data-widget_type=\"text-editor.default\">\n\t\t\t\t\t\t\t\t\t<p data-start=\"3351\" data-end=\"3378\">DDiBuy'u b\u00fcy\u00fctmeyi hedefliyoruz:<\/p><p data-start=\"3380\" data-end=\"3563\">\ud83c\udf0d D\u00fcr\u00fcst g\u00fczellik i\u00e7eri\u011finin k\u00fcresel olarak tan\u0131nan kayna\u011f\u0131<br data-start=\"3436\" data-end=\"3439\" \/>\ud83d\udc84 Makyaj ve cilt bak\u0131m\u0131 al\u0131c\u0131lar\u0131 i\u00e7in g\u00fcvenilir bir veritaban\u0131<br data-start=\"3491\" data-end=\"3494\" \/>\ud83d\udd0d \u00dcr\u00fcn kar\u015f\u0131la\u015ft\u0131rmalar\u0131 ve i\u00e7erik bazl\u0131 e\u011fitim i\u00e7in en iyi merkez<\/p><p data-start=\"3565\" data-end=\"3591\">Gelecekteki geni\u015flemeler \u015funlar\u0131 i\u00e7erecek:<\/p><ul data-start=\"3593\" data-end=\"3737\"><li data-start=\"3593\" data-end=\"3611\"><p data-start=\"3595\" data-end=\"3611\">G\u00fczellik kurslar\u0131<\/p><\/li><li data-start=\"3612\" data-end=\"3640\"><p data-start=\"3614\" data-end=\"3640\">\u0130\u00e7erik g\u00fcvenli\u011fi k\u0131lavuzlar\u0131<\/p><\/li><li data-start=\"3641\" data-end=\"3677\"><p data-start=\"3643\" data-end=\"3677\">B\u00fct\u00e7e dostu \u00fcr\u00fcn s\u0131ralamalar\u0131<\/p><\/li><li data-start=\"3678\" data-end=\"3710\"><p data-start=\"3680\" data-end=\"3710\">Topluluk inceleme g\u00f6nderimleri<\/p><\/li><li data-start=\"3711\" data-end=\"3737\"><p data-start=\"3713\" data-end=\"3737\">Trend analiz raporlar\u0131<\/p><\/li><\/ul>\t\t\t\t\t\t\t\t<\/div>\n\t\t\t\t<\/div>\n\t\t\t\t\t<\/div>\n\t\t\t\t<\/div>\n\t\t<div class=\"elementor-element elementor-element-48a7657 e-flex e-con-boxed e-con e-parent\" data-id=\"48a7657\" data-element_type=\"container\" data-e-type=\"container\">\n\t\t\t\t\t<div class=\"e-con-inner\">\n\t\t<div class=\"elementor-element elementor-element-7a0f0db e-con-full e-flex e-con e-child\" data-id=\"7a0f0db\" data-element_type=\"container\" data-e-type=\"container\">\n\t\t\t\t<div class=\"elementor-element elementor-element-1f3a690 elementor-widget elementor-widget-heading\" data-id=\"1f3a690\" data-element_type=\"widget\" data-e-type=\"widget\" data-widget_type=\"heading.default\">\n\t\t\t\t\t<h2 class=\"elementor-heading-title elementor-size-default\">Size S\u00f6z\u00fcm\u00fcz<\/h2>\t\t\t\t<\/div>\n\t\t\t\t<div class=\"elementor-element elementor-element-d5ae21b elementor-widget elementor-widget-text-editor\" data-id=\"d5ae21b\" data-element_type=\"widget\" data-e-type=\"widget\" data-widget_type=\"text-editor.default\">\n\t\t\t\t\t\t\t\t\t<p data-start=\"3771\" data-end=\"3794\">T\u00fcm okuyucular\u0131m\u0131za s\u00f6z veriyoruz:<\/p><p data-start=\"3796\" data-end=\"3928\">\u2728 \u015eeffaf incelemeler<br data-start=\"3817\" data-end=\"3820\" \/>\u2728 Ger\u00e7ek sonu\u00e7lar, \u015fekerleme yok<br data-start=\"3851\" data-end=\"3854\" \/>\u2728 A\u00e7\u0131k avantajlar ve dezavantajlar<br data-start=\"3875\" data-end=\"3878\" \/>\u2728 \u00dccretli \u00f6nyarg\u0131 yok<br data-start=\"3892\" data-end=\"3895\" \/>\u2728 Her zaman t\u00fcketici odakl\u0131 i\u00e7erik<\/p><p data-start=\"3930\" data-end=\"3970\">E\u011fer d\u00fcr\u00fcst de\u011filse, yay\u0131nlam\u0131yoruz.<\/p>\t\t\t\t\t\t\t\t<\/div>\n\t\t\t\t<\/div>\n\t\t\t\t\t<\/div>\n\t\t\t\t<\/div>\n\t\t<div class=\"elementor-element elementor-element-aca448e e-flex e-con-boxed e-con e-parent\" data-id=\"aca448e\" data-element_type=\"container\" data-e-type=\"container\">\n\t\t\t\t\t<div class=\"e-con-inner\">\n\t\t<div class=\"elementor-element elementor-element-56c373e e-con-full e-flex e-con e-child\" data-id=\"56c373e\" data-element_type=\"container\" data-e-type=\"container\">\n\t\t\t\t<div class=\"elementor-element elementor-element-235aca4 elementor-widget elementor-widget-heading\" data-id=\"235aca4\" data-element_type=\"widget\" data-e-type=\"widget\" data-widget_type=\"heading.default\">\n\t\t\t\t\t<h2 class=\"elementor-heading-title elementor-size-default\">DDiBuy Hakk\u0131m\u0131zda S\u00f6z\u00fcm\u00fcz<\/h2>\t\t\t\t<\/div>\n\t\t\t\t<div class=\"elementor-element elementor-element-f0db032 elementor-widget elementor-widget-text-editor\" data-id=\"f0db032\" data-element_type=\"widget\" data-e-type=\"widget\" data-widget_type=\"text-editor.default\">\n\t\t\t\t\t\t\t\t\t<p data-start=\"2883\" data-end=\"3064\">DDiBuy'daki her inceleme \u00f6zenle, merakla ve d\u00fcr\u00fcstl\u00fckle haz\u0131rlanm\u0131\u015ft\u0131r.<br data-start=\"2951\" data-end=\"2954\" \/>Ger\u00e7ek deneyimlere ve ara\u015ft\u0131rmaya dayal\u0131 analizlere odaklan\u0131yoruz, size g\u00fcvenilir <strong data-start=\"3033\" data-end=\"3061\">cilt bak\u0131m \u00f6nerileri sunmak i\u00e7in<\/strong>.<\/p><p data-start=\"3066\" data-end=\"3313\">\u0130\u015fbirli\u011fi yapmak, soru sormak veya inceleme i\u00e7in \u00fcr\u00fcn \u00f6nermek isterseniz, l\u00fctfen ziyaret edin <strong><a class=\"decorated-link cursor-pointer\" href=\"https:\/\/ddibuy.com\/tr\/contact-ddibuy\/\" target=\"_blank\" rel=\"noopener\" data-start=\"3160\" data-end=\"3203\">\u0130leti\u015fim Sayfam\u0131z<\/a><\/strong>.<br data-start=\"3204\" data-end=\"3207\" \/>Veri koruma hakk\u0131nda daha fazla bilgi edinmek i\u00e7in bizimle ileti\u015fime ge\u00e7ebilirsiniz <strong><a class=\"decorated-link cursor-pointer\" href=\"https:\/\/ddibuy.com\/tr\/ddibuy-privacy-policy\/\" target=\"_blank\" rel=\"noopener\" data-start=\"3260\" data-end=\"3312\">Gizlilik Politikas\u0131<\/a><\/strong>.<\/p>\t\t\t\t\t\t\t\t<\/div>\n\t\t<div class=\"elementor-element elementor-element-23ff974 e-con-full e-flex e-con e-child\" data-id=\"23ff974\" data-element_type=\"container\" data-e-type=\"container\">\n\t\t\t\t<\/div>\n\t\t\t\t<\/div>\n\t\t\t\t\t<\/div>\n\t\t\t\t<\/div>\n\t\t<div class=\"elementor-element elementor-element-80adaed e-flex e-con-boxed e-con e-parent\" data-id=\"80adaed\" data-element_type=\"container\" data-e-type=\"container\">\n\t\t\t\t\t<div class=\"e-con-inner\">\n\t\t\t\t<div class=\"elementor-element elementor-element-9581d34 elementor-widget elementor-widget-spacer\" data-id=\"9581d34\" data-element_type=\"widget\" data-e-type=\"widget\" data-widget_type=\"spacer.default\">\n\t\t\t\t\t\t\t<div class=\"elementor-spacer\">\n\t\t\t<div class=\"elementor-spacer-inner\"><\/div>\n\t\t<\/div>\n\t\t\t\t\t\t<\/div>\n\t\t\t\t\t<\/div>\n\t\t\t\t<\/div>\n\t\t\t\t<\/div>","protected":false},"excerpt":{"rendered":"<p>DDiBuy About Us \u2014 Honest Beauty Reviews &amp; Real Experience Welcome to the DDiBuy About Us page \u2014 a beauty review site built on transparency and trust.Our goal is simple: to make honest makeup reviews and skincare recommendations accessible to everyone. At DDiBuy, we test, compare, and share our findings so readers can make confident [&hellip;]<\/p>\n","protected":false},"author":1,"featured_media":2067,"parent":0,"menu_order":0,"comment_status":"closed","ping_status":"closed","template":"","meta":{"footnotes":""},"class_list":["post-2068","page","type-page","status-publish","has-post-thumbnail","hentry"],"blocksy_meta":[],"_links":{"self":[{"href":"https:\/\/ddibuy.com\/tr\/wp-json\/wp\/v2\/pages\/2068","targetHints":{"allow":["GET"]}}],"collection":[{"href":"https:\/\/ddibuy.com\/tr\/wp-json\/wp\/v2\/pages"}],"about":[{"href":"https:\/\/ddibuy.com\/tr\/wp-json\/wp\/v2\/types\/page"}],"author":[{"embeddable":true,"href":"https:\/\/ddibuy.com\/tr\/wp-json\/wp\/v2\/users\/1"}],"replies":[{"embeddable":true,"href":"https:\/\/ddibuy.com\/tr\/wp-json\/wp\/v2\/comments?post=2068"}],"version-history":[{"count":49,"href":"https:\/\/ddibuy.com\/tr\/wp-json\/wp\/v2\/pages\/2068\/revisions"}],"predecessor-version":[{"id":2435,"href":"https:\/\/ddibuy.com\/tr\/wp-json\/wp\/v2\/pages\/2068\/revisions\/2435"}],"wp:featuredmedia":[{"embeddable":true,"href":"https:\/\/ddibuy.com\/tr\/wp-json\/wp\/v2\/media\/2067"}],"wp:attachment":[{"href":"https:\/\/ddibuy.com\/tr\/wp-json\/wp\/v2\/media?parent=2068"}],"curies":[{"name":"wp","href":"https:\/\/api.w.org\/{rel}","templated":true}]}}