{"id":2068,"date":"2025-11-07T13:30:06","date_gmt":"2025-11-07T13:30:06","guid":{"rendered":"https:\/\/ddibuy.com\/?page_id=2068"},"modified":"2025-11-18T10:07:36","modified_gmt":"2025-11-18T10:07:36","slug":"ddibuy-about-us","status":"publish","type":"page","link":"https:\/\/ddibuy.com\/es\/ddibuy-about-us\/","title":{"rendered":"Sobre nosotros"},"content":{"rendered":"<div data-elementor-type=\"wp-page\" data-elementor-id=\"2068\" class=\"elementor elementor-2068\" data-elementor-post-type=\"page\">\n\t\t\t\t<div class=\"elementor-element elementor-element-37dd69b e-flex e-con-boxed e-con e-parent\" data-id=\"37dd69b\" data-element_type=\"container\" data-e-type=\"container\">\n\t\t\t\t\t<div class=\"e-con-inner\">\n\t\t\t\t<div class=\"elementor-element elementor-element-80cb66a elementor-widget elementor-widget-spacer\" data-id=\"80cb66a\" data-element_type=\"widget\" data-e-type=\"widget\" data-widget_type=\"spacer.default\">\n\t\t\t\t\t\t\t<div class=\"elementor-spacer\">\n\t\t\t<div class=\"elementor-spacer-inner\"><\/div>\n\t\t<\/div>\n\t\t\t\t\t\t<\/div>\n\t\t\t\t\t<\/div>\n\t\t\t\t<\/div>\n\t\t<div class=\"elementor-element elementor-element-d56718e e-flex e-con-boxed e-con e-parent\" data-id=\"d56718e\" data-element_type=\"container\" data-e-type=\"container\" data-settings=\"{&quot;background_background&quot;:&quot;classic&quot;}\">\n\t\t\t\t\t<div class=\"e-con-inner\">\n\t\t<div class=\"elementor-element elementor-element-203b515 e-con-full e-flex e-con e-child\" data-id=\"203b515\" data-element_type=\"container\" data-e-type=\"container\" data-settings=\"{&quot;background_background&quot;:&quot;classic&quot;}\">\n\t\t\t\t<div class=\"elementor-element elementor-element-9c551ed elementor-widget elementor-widget-heading\" data-id=\"9c551ed\" data-element_type=\"widget\" data-e-type=\"widget\" data-widget_type=\"heading.default\">\n\t\t\t\t\t<h1 class=\"elementor-heading-title elementor-size-default\">Acerca de DDiBuy \u2014 Opiniones honestas de belleza, nuestra historia y nuestra misi\u00f3n<\/h1>\t\t\t\t<\/div>\n\t\t\t\t<div class=\"elementor-element elementor-element-e59ef12 elementor-widget elementor-widget-text-editor\" data-id=\"e59ef12\" data-element_type=\"widget\" data-e-type=\"widget\" data-widget_type=\"text-editor.default\">\n\t\t\t\t\t\t\t\t\t<p data-start=\"1647\" data-end=\"1861\">Bienvenido a <strong data-start=\"329\" data-end=\"339\">DDiBuy<\/strong>, tu plataforma global de confianza para opiniones honestas de belleza y recomendaciones de cuidado de la piel.<br data-start=\"425\" data-end=\"428\" \/>En esta <strong data-start=\"436\" data-end=\"455\">p\u00e1gina de Acerca de DDiBuy<\/strong> , queremos compartir qui\u00e9nes somos, c\u00f3mo empezamos y por qu\u00e9 miles de amantes de la belleza conf\u00edan en nuestro contenido todos los d\u00edas.<\/p>\t\t\t\t\t\t\t\t<\/div>\n\t\t\t\t<div class=\"elementor-element elementor-element-e9cd835 elementor-widget elementor-widget-spacer\" data-id=\"e9cd835\" data-element_type=\"widget\" data-e-type=\"widget\" data-widget_type=\"spacer.default\">\n\t\t\t\t\t\t\t<div class=\"elementor-spacer\">\n\t\t\t<div class=\"elementor-spacer-inner\"><\/div>\n\t\t<\/div>\n\t\t\t\t\t\t<\/div>\n\t\t\t\t<\/div>\n\t\t\t\t<div class=\"elementor-element elementor-element-74d16b6 elementor-widget elementor-widget-spacer\" data-id=\"74d16b6\" data-element_type=\"widget\" data-e-type=\"widget\" data-widget_type=\"spacer.default\">\n\t\t\t\t\t\t\t<div class=\"elementor-spacer\">\n\t\t\t<div class=\"elementor-spacer-inner\"><\/div>\n\t\t<\/div>\n\t\t\t\t\t\t<\/div>\n\t\t\t\t\t<\/div>\n\t\t\t\t<\/div>\n\t\t<div class=\"elementor-element elementor-element-a0b842f e-flex e-con-boxed e-con e-parent\" data-id=\"a0b842f\" data-element_type=\"container\" data-e-type=\"container\">\n\t\t\t\t\t<div class=\"e-con-inner\">\n\t\t<div class=\"elementor-element elementor-element-9a80f52 e-con-full e-flex e-con e-child\" data-id=\"9a80f52\" data-element_type=\"container\" data-e-type=\"container\" data-settings=\"{&quot;background_background&quot;:&quot;classic&quot;}\">\n\t\t\t\t<div class=\"elementor-element elementor-element-309310e elementor-widget elementor-widget-heading\" data-id=\"309310e\" data-element_type=\"widget\" data-e-type=\"widget\" data-widget_type=\"heading.default\">\n\t\t\t\t\t<h2 class=\"elementor-heading-title elementor-size-default\">Nuestra historia \u2014 C\u00f3mo empez\u00f3 DDiBuy<\/h2>\t\t\t\t<\/div>\n\t\t\t\t<div class=\"elementor-element elementor-element-e8d38fd elementor-widget elementor-widget-text-editor\" data-id=\"e8d38fd\" data-element_type=\"widget\" data-e-type=\"widget\" data-widget_type=\"text-editor.default\">\n\t\t\t\t\t\t\t\t\t<p data-start=\"618\" data-end=\"736\">DDiBuy comenz\u00f3 con una visi\u00f3n simple:<br data-start=\"652\" data-end=\"655\" \/><strong data-start=\"655\" data-end=\"736\">ofrecer a los compradores de belleza informaci\u00f3n real, imparcial y basada en experiencias de productos.<\/strong><\/p><p data-start=\"738\" data-end=\"902\">A medida que la industria de la belleza se llenaba de publicaciones patrocinadas, anuncios enga\u00f1osos y marketing excesivamente pulido, se volvi\u00f3 m\u00e1s dif\u00edcil para los consumidores encontrar opiniones honestas sobre:<\/p><ul data-start=\"904\" data-end=\"1058\"><li data-start=\"904\" data-end=\"947\"><p data-start=\"906\" data-end=\"947\">Qu\u00e9 base realmente funciona bien<\/p><\/li><li data-start=\"948\" data-end=\"995\"><p data-start=\"950\" data-end=\"995\">Qu\u00e9 productos de cuidado de la piel valen la pena<\/p><\/li><li data-start=\"996\" data-end=\"1028\"><p data-start=\"998\" data-end=\"1028\">Qu\u00e9 marcas son confiables<\/p><\/li><li data-start=\"1029\" data-end=\"1058\"><p data-start=\"1031\" data-end=\"1058\">Qu\u00e9 art\u00edculos est\u00e1n sobrevalorados<\/p><\/li><\/ul><p data-start=\"1060\" data-end=\"1183\">Creamos DDiBuy como una soluci\u00f3n \u2014 un espacio donde <strong data-start=\"1108\" data-end=\"1140\">la verdad prevalece sobre el marketing<\/strong>, y <strong data-start=\"1146\" data-end=\"1182\">las pruebas reales preceden a las tendencias<\/strong>.<\/p>\t\t\t\t\t\t\t\t<\/div>\n\t\t\t\t<\/div>\n\t\t\t\t\t<\/div>\n\t\t\t\t<\/div>\n\t\t<div class=\"elementor-element elementor-element-237b53a e-flex e-con-boxed e-con e-parent\" data-id=\"237b53a\" data-element_type=\"container\" data-e-type=\"container\">\n\t\t\t\t\t<div class=\"e-con-inner\">\n\t\t\t\t<div class=\"elementor-element elementor-element-14adb1e elementor-widget elementor-widget-spacer\" data-id=\"14adb1e\" data-element_type=\"widget\" data-e-type=\"widget\" data-widget_type=\"spacer.default\">\n\t\t\t\t\t\t\t<div class=\"elementor-spacer\">\n\t\t\t<div class=\"elementor-spacer-inner\"><\/div>\n\t\t<\/div>\n\t\t\t\t\t\t<\/div>\n\t\t\t\t\t<\/div>\n\t\t\t\t<\/div>\n\t\t<div class=\"elementor-element elementor-element-e3f940f e-flex e-con-boxed e-con e-parent\" data-id=\"e3f940f\" data-element_type=\"container\" data-e-type=\"container\">\n\t\t\t\t\t<div class=\"e-con-inner\">\n\t\t<div class=\"elementor-element elementor-element-db97c7e e-con-full e-flex e-con e-child\" data-id=\"db97c7e\" data-element_type=\"container\" data-e-type=\"container\">\n\t\t\t\t<div class=\"elementor-element elementor-element-5ffba1c elementor-widget elementor-widget-heading\" data-id=\"5ffba1c\" data-element_type=\"widget\" data-e-type=\"widget\" data-widget_type=\"heading.default\">\n\t\t\t\t\t<h2 class=\"elementor-heading-title elementor-size-default\">Conoce al Fundador<\/h2>\t\t\t\t<\/div>\n\t\t\t\t<div class=\"elementor-element elementor-element-cf2441e elementor-widget elementor-widget-text-editor\" data-id=\"cf2441e\" data-element_type=\"widget\" data-e-type=\"widget\" data-widget_type=\"text-editor.default\">\n\t\t\t\t\t\t\t\t\t<p data-start=\"1215\" data-end=\"1420\">DDiBuy fue creado por un entusiasta de la belleza que pas\u00f3 a\u00f1os analizando tendencias globales de maquillaje, probando cientos de productos y ayudando a compradores internacionales a tomar decisiones de compra m\u00e1s inteligentes y seguras.<\/p><p data-start=\"1422\" data-end=\"1469\">Antes de lanzar DDiBuy, nuestra fundadora trabaj\u00f3 como:<\/p><ul data-start=\"1471\" data-end=\"1662\"><li data-start=\"1471\" data-end=\"1511\"><p data-start=\"1473\" data-end=\"1511\">Una rese\u00f1adora de belleza y probadora de productos<\/p><\/li><li data-start=\"1512\" data-end=\"1557\"><p data-start=\"1514\" data-end=\"1557\">Una consultora para compras de belleza en el extranjero<\/p><\/li><li data-start=\"1558\" data-end=\"1590\"><p data-start=\"1560\" data-end=\"1590\">Una probadora de colaboraciones con marcas<\/p><\/li><li data-start=\"1591\" data-end=\"1662\"><p data-start=\"1593\" data-end=\"1662\">Una investigadora en comportamiento del consumidor de belleza en Espa\u00f1a, Reino Unido y Australia<\/p><\/li><\/ul><p data-start=\"1664\" data-end=\"1762\">Despu\u00e9s de innumerables pruebas de productos y conversaciones con usuarios reales, descubri\u00f3 un problema importante:<\/p><blockquote data-start=\"1764\" data-end=\"1851\"><p data-start=\"1766\" data-end=\"1851\"><strong data-start=\"1766\" data-end=\"1851\">La gente no necesitaba m\u00e1s publicidad. Necesitaban rese\u00f1as honestas en las que pudieran confiar.<\/strong><\/p><\/blockquote><p data-start=\"1853\" data-end=\"1887\">DDiBuy fue creado para llenar ese vac\u00edo.<\/p>\t\t\t\t\t\t\t\t<\/div>\n\t\t\t\t<\/div>\n\t\t\t\t\t<\/div>\n\t\t\t\t<\/div>\n\t\t<div class=\"elementor-element elementor-element-18ac794 e-flex e-con-boxed e-con e-parent\" data-id=\"18ac794\" data-element_type=\"container\" data-e-type=\"container\">\n\t\t\t\t\t<div class=\"e-con-inner\">\n\t\t<div class=\"elementor-element elementor-element-bd73569 e-con-full e-flex e-con e-child\" data-id=\"bd73569\" data-element_type=\"container\" data-e-type=\"container\">\n\t\t\t\t<div class=\"elementor-element elementor-element-94e7a27 elementor-widget elementor-widget-heading\" data-id=\"94e7a27\" data-element_type=\"widget\" data-e-type=\"widget\" data-widget_type=\"heading.default\">\n\t\t\t\t\t<h2 class=\"elementor-heading-title elementor-size-default\">Nuestra misi\u00f3n \u2014 Lo que defendemos<\/h2>\t\t\t\t<\/div>\n\t\t\t\t<div class=\"elementor-element elementor-element-d764965 elementor-widget elementor-widget-text-editor\" data-id=\"d764965\" data-element_type=\"widget\" data-e-type=\"widget\" data-widget_type=\"text-editor.default\">\n\t\t\t\t\t\t\t\t\t<p data-start=\"1934\" data-end=\"1955\">Nuestra misi\u00f3n es clara:<\/p><blockquote data-start=\"1957\" data-end=\"2057\"><p data-start=\"1959\" data-end=\"2057\"><strong data-start=\"1959\" data-end=\"2057\">Ayudarte a tomar decisiones de belleza con confianza a trav\u00e9s de rese\u00f1as transparentes, detalladas y honestas.<\/strong><\/p><\/blockquote><p data-start=\"2059\" data-end=\"2076\">Nos especializamos en:<\/p><h3 data-start=\"2078\" data-end=\"2117\">\u2714 Rese\u00f1as de productos de maquillaje y belleza<\/h3><p data-start=\"2118\" data-end=\"2242\">Textura real, prueba de uso real, resultados reales.<br data-start=\"2161\" data-end=\"2164\" \/>Explora todas nuestras rese\u00f1as en profundidad aqu\u00ed:<a href=\"https:\/\/ddibuy.com\/es\/product-review\/\"><strong>rese\u00f1a-de-producto<\/strong><\/a><\/p><h3 data-start=\"2244\" data-end=\"2276\">\u2714 Recomendaciones de cuidado de la piel<\/h3><p data-start=\"2277\" data-end=\"2391\">Desde gu\u00edas para piel sensible hasta rutinas anti-envejecimiento, todo basado en experiencia real y an\u00e1lisis de ingredientes.<\/p><h3 data-start=\"2393\" data-end=\"2439\">\u2714 Alternativas econ\u00f3micas (Dupes de belleza)<\/h3><p data-start=\"2440\" data-end=\"2513\">Ayudamos a los usuarios a ahorrar dinero encontrando opciones de alta calidad y asequibles.<\/p><h3 data-start=\"2515\" data-end=\"2542\">\u2714 Comparaciones de productos<\/h3><p data-start=\"2543\" data-end=\"2601\">An\u00e1lisis lado a lado para mostrar qu\u00e9 vale realmente la pena comprar.<\/p><p data-start=\"2603\" data-end=\"2721\">Para m\u00e1s novedades de belleza, gu\u00edas y conocimientos de expertos, visita nuestro blog de Noticias de Belleza:<a href=\"https:\/\/ddibuy.com\/es\/beauty-news\/\"><strong>noticias-de-belleza<\/strong><\/a><\/p>\t\t\t\t\t\t\t\t<\/div>\n\t\t\t\t<\/div>\n\t\t\t\t\t<\/div>\n\t\t\t\t<\/div>\n\t\t<div class=\"elementor-element elementor-element-782ad10 e-flex e-con-boxed e-con e-parent\" data-id=\"782ad10\" data-element_type=\"container\" data-e-type=\"container\">\n\t\t\t\t\t<div class=\"e-con-inner\">\n\t\t<div class=\"elementor-element elementor-element-d7edf5c e-con-full e-flex e-con e-child\" data-id=\"d7edf5c\" data-element_type=\"container\" data-e-type=\"container\">\n\t\t\t\t<div class=\"elementor-element elementor-element-5e3402c elementor-widget elementor-widget-heading\" data-id=\"5e3402c\" data-element_type=\"widget\" data-e-type=\"widget\" data-widget_type=\"heading.default\">\n\t\t\t\t\t<h2 class=\"elementor-heading-title elementor-size-default\">\u00bfQu\u00e9 hace diferente a DDiBuy?<\/h2>\t\t\t\t<\/div>\n\t\t\t\t<div class=\"elementor-element elementor-element-711cf7e elementor-widget elementor-widget-text-editor\" data-id=\"711cf7e\" data-element_type=\"widget\" data-e-type=\"widget\" data-widget_type=\"text-editor.default\">\n\t\t\t\t\t\t\t\t\t<h3 data-start=\"2765\" data-end=\"2816\"><strong data-start=\"2769\" data-end=\"2814\">1. Experiencia real, no guiones patrocinados<\/strong><\/h3><p data-start=\"2817\" data-end=\"2878\">Cada rese\u00f1a se basa en pruebas reales \u2014 no en influencias pagadas.<\/p><h3 data-start=\"2880\" data-end=\"2922\"><strong data-start=\"2884\" data-end=\"2920\">2. Combinamos ciencia + uso real<\/strong><\/h3><p data-start=\"2923\" data-end=\"2993\">Analizamos f\u00f3rmulas, ingredientes, textura, duraci\u00f3n y rendimiento.<\/p><h3 data-start=\"2995\" data-end=\"3023\"><strong data-start=\"2999\" data-end=\"3021\">3. Audiencia global<\/strong><\/h3><p data-start=\"3024\" data-end=\"3100\">Atendemos a lectores en toda Espa\u00f1a, Europa y m\u00e1s.<\/p><h3 data-start=\"3102\" data-end=\"3134\"><strong data-start=\"3106\" data-end=\"3132\">4. Mantenemos independencia<\/strong><\/h3><p data-start=\"3135\" data-end=\"3181\">Las marcas no <strong data-start=\"3145\" data-end=\"3152\">controlan ni editan<\/strong> nuestras rese\u00f1as.<\/p><h3 data-start=\"3183\" data-end=\"3224\"><strong data-start=\"3187\" data-end=\"3222\">5. Contenido actualizado continuamente<\/strong><\/h3><p data-start=\"3225\" data-end=\"3301\">A medida que los productos reformulan o cambian las tendencias, actualizamos nuestras rese\u00f1as en consecuencia.<\/p>\t\t\t\t\t\t\t\t<\/div>\n\t\t\t\t<\/div>\n\t\t\t\t\t<\/div>\n\t\t\t\t<\/div>\n\t\t<div class=\"elementor-element elementor-element-9b25afa e-flex e-con-boxed e-con e-parent\" data-id=\"9b25afa\" data-element_type=\"container\" data-e-type=\"container\">\n\t\t\t\t\t<div class=\"e-con-inner\">\n\t\t<div class=\"elementor-element elementor-element-c3fd2d4 e-con-full e-flex e-con e-child\" data-id=\"c3fd2d4\" data-element_type=\"container\" data-e-type=\"container\">\n\t\t\t\t<div class=\"elementor-element elementor-element-12be83d elementor-widget elementor-widget-heading\" data-id=\"12be83d\" data-element_type=\"widget\" data-e-type=\"widget\" data-widget_type=\"heading.default\">\n\t\t\t\t\t<h2 class=\"elementor-heading-title elementor-size-default\">Nuestra visi\u00f3n \u2014 Hacia d\u00f3nde va DDiBuy<\/h2>\t\t\t\t<\/div>\n\t\t\t\t<div class=\"elementor-element elementor-element-9a42623 elementor-widget elementor-widget-text-editor\" data-id=\"9a42623\" data-element_type=\"widget\" data-e-type=\"widget\" data-widget_type=\"text-editor.default\">\n\t\t\t\t\t\t\t\t\t<p data-start=\"3351\" data-end=\"3378\">Nuestro objetivo es hacer de DDiBuy:<\/p><p data-start=\"3380\" data-end=\"3563\">\ud83c\udf0d Una fuente reconocida mundialmente de contenido honesto sobre belleza<br data-start=\"3436\" data-end=\"3439\" \/>\ud83d\udc84 Una base de datos confiable para compradores de maquillaje y cuidado de la piel<br data-start=\"3491\" data-end=\"3494\" \/>\ud83d\udd0d Un centro principal para comparaciones de productos y educaci\u00f3n basada en ingredientes<\/p><p data-start=\"3565\" data-end=\"3591\">Las futuras expansiones incluyen:<\/p><ul data-start=\"3593\" data-end=\"3737\"><li data-start=\"3593\" data-end=\"3611\"><p data-start=\"3595\" data-end=\"3611\">Cursos de belleza<\/p><\/li><li data-start=\"3612\" data-end=\"3640\"><p data-start=\"3614\" data-end=\"3640\">Gu\u00edas de seguridad de ingredientes<\/p><\/li><li data-start=\"3641\" data-end=\"3677\"><p data-start=\"3643\" data-end=\"3677\">Clasificaciones de productos econ\u00f3micos<\/p><\/li><li data-start=\"3678\" data-end=\"3710\"><p data-start=\"3680\" data-end=\"3710\">Env\u00edo de rese\u00f1as de la comunidad<\/p><\/li><li data-start=\"3711\" data-end=\"3737\"><p data-start=\"3713\" data-end=\"3737\">Informes de an\u00e1lisis de tendencias<\/p><\/li><\/ul>\t\t\t\t\t\t\t\t<\/div>\n\t\t\t\t<\/div>\n\t\t\t\t\t<\/div>\n\t\t\t\t<\/div>\n\t\t<div class=\"elementor-element elementor-element-48a7657 e-flex e-con-boxed e-con e-parent\" data-id=\"48a7657\" data-element_type=\"container\" data-e-type=\"container\">\n\t\t\t\t\t<div class=\"e-con-inner\">\n\t\t<div class=\"elementor-element elementor-element-7a0f0db e-con-full e-flex e-con e-child\" data-id=\"7a0f0db\" data-element_type=\"container\" data-e-type=\"container\">\n\t\t\t\t<div class=\"elementor-element elementor-element-1f3a690 elementor-widget elementor-widget-heading\" data-id=\"1f3a690\" data-element_type=\"widget\" data-e-type=\"widget\" data-widget_type=\"heading.default\">\n\t\t\t\t\t<h2 class=\"elementor-heading-title elementor-size-default\">Nuestra promesa para ti<\/h2>\t\t\t\t<\/div>\n\t\t\t\t<div class=\"elementor-element elementor-element-d5ae21b elementor-widget elementor-widget-text-editor\" data-id=\"d5ae21b\" data-element_type=\"widget\" data-e-type=\"widget\" data-widget_type=\"text-editor.default\">\n\t\t\t\t\t\t\t\t\t<p data-start=\"3771\" data-end=\"3794\">Prometemos a todos los lectores:<\/p><p data-start=\"3796\" data-end=\"3928\">\u2728 Rese\u00f1as transparentes<br data-start=\"3817\" data-end=\"3820\" \/>\u2728 Resultados reales, sin endulzar<br data-start=\"3851\" data-end=\"3854\" \/>\u2728 Pros y contras claros<br data-start=\"3875\" data-end=\"3878\" \/>\u2728 Sin sesgo pagado<br data-start=\"3892\" data-end=\"3895\" \/>\u2728 Contenido siempre centrado en el consumidor<\/p><p data-start=\"3930\" data-end=\"3970\">Si no es honesto, no lo publicamos.<\/p>\t\t\t\t\t\t\t\t<\/div>\n\t\t\t\t<\/div>\n\t\t\t\t\t<\/div>\n\t\t\t\t<\/div>\n\t\t<div class=\"elementor-element elementor-element-aca448e e-flex e-con-boxed e-con e-parent\" data-id=\"aca448e\" data-element_type=\"container\" data-e-type=\"container\">\n\t\t\t\t\t<div class=\"e-con-inner\">\n\t\t<div class=\"elementor-element elementor-element-56c373e e-con-full e-flex e-con e-child\" data-id=\"56c373e\" data-element_type=\"container\" data-e-type=\"container\">\n\t\t\t\t<div class=\"elementor-element elementor-element-235aca4 elementor-widget elementor-widget-heading\" data-id=\"235aca4\" data-element_type=\"widget\" data-e-type=\"widget\" data-widget_type=\"heading.default\">\n\t\t\t\t\t<h2 class=\"elementor-heading-title elementor-size-default\">Nuestra promesa en DDiBuy Sobre nosotros<\/h2>\t\t\t\t<\/div>\n\t\t\t\t<div class=\"elementor-element elementor-element-f0db032 elementor-widget elementor-widget-text-editor\" data-id=\"f0db032\" data-element_type=\"widget\" data-e-type=\"widget\" data-widget_type=\"text-editor.default\">\n\t\t\t\t\t\t\t\t\t<p data-start=\"2883\" data-end=\"3064\">Cada rese\u00f1a en DDiBuy se crea con cuidado, curiosidad y honestidad.<br data-start=\"2951\" data-end=\"2954\" \/>Nos enfocamos en experiencias reales y an\u00e1lisis basado en investigaciones para ofrecerte recomendaciones confiables <strong data-start=\"3033\" data-end=\"3061\">de cuidado de la piel<\/strong>.<\/p><p data-start=\"3066\" data-end=\"3313\">Si deseas colaborar, hacer preguntas o sugerir productos para revisi\u00f3n, por favor visita nuestra <strong><a class=\"decorated-link cursor-pointer\" href=\"https:\/\/ddibuy.com\/es\/contact-ddibuy\/\" target=\"_blank\" rel=\"noopener\" data-start=\"3160\" data-end=\"3203\">P\u00e1gina de Contacto<\/a><\/strong>.<br data-start=\"3204\" data-end=\"3207\" \/>Tambi\u00e9n puedes aprender m\u00e1s sobre protecci\u00f3n de datos en nuestra <strong><a class=\"decorated-link cursor-pointer\" href=\"https:\/\/ddibuy.com\/es\/ddibuy-privacy-policy\/\" target=\"_blank\" rel=\"noopener\" data-start=\"3260\" data-end=\"3312\">Pol\u00edtica de privacidad<\/a><\/strong>.<\/p>\t\t\t\t\t\t\t\t<\/div>\n\t\t<div class=\"elementor-element elementor-element-23ff974 e-con-full e-flex e-con e-child\" data-id=\"23ff974\" data-element_type=\"container\" data-e-type=\"container\">\n\t\t\t\t<\/div>\n\t\t\t\t<\/div>\n\t\t\t\t\t<\/div>\n\t\t\t\t<\/div>\n\t\t<div class=\"elementor-element elementor-element-80adaed e-flex e-con-boxed e-con e-parent\" data-id=\"80adaed\" data-element_type=\"container\" data-e-type=\"container\">\n\t\t\t\t\t<div class=\"e-con-inner\">\n\t\t\t\t<div class=\"elementor-element elementor-element-9581d34 elementor-widget elementor-widget-spacer\" data-id=\"9581d34\" data-element_type=\"widget\" data-e-type=\"widget\" data-widget_type=\"spacer.default\">\n\t\t\t\t\t\t\t<div class=\"elementor-spacer\">\n\t\t\t<div class=\"elementor-spacer-inner\"><\/div>\n\t\t<\/div>\n\t\t\t\t\t\t<\/div>\n\t\t\t\t\t<\/div>\n\t\t\t\t<\/div>\n\t\t\t\t<\/div>","protected":false},"excerpt":{"rendered":"<p>DDiBuy About Us \u2014 Honest Beauty Reviews &amp; Real Experience Welcome to the DDiBuy About Us page \u2014 a beauty review site built on transparency and trust.Our goal is simple: to make honest makeup reviews and skincare recommendations accessible to everyone. At DDiBuy, we test, compare, and share our findings so readers can make confident [&hellip;]<\/p>\n","protected":false},"author":1,"featured_media":2067,"parent":0,"menu_order":0,"comment_status":"closed","ping_status":"closed","template":"","meta":{"footnotes":""},"class_list":["post-2068","page","type-page","status-publish","has-post-thumbnail","hentry"],"blocksy_meta":[],"_links":{"self":[{"href":"https:\/\/ddibuy.com\/es\/wp-json\/wp\/v2\/pages\/2068","targetHints":{"allow":["GET"]}}],"collection":[{"href":"https:\/\/ddibuy.com\/es\/wp-json\/wp\/v2\/pages"}],"about":[{"href":"https:\/\/ddibuy.com\/es\/wp-json\/wp\/v2\/types\/page"}],"author":[{"embeddable":true,"href":"https:\/\/ddibuy.com\/es\/wp-json\/wp\/v2\/users\/1"}],"replies":[{"embeddable":true,"href":"https:\/\/ddibuy.com\/es\/wp-json\/wp\/v2\/comments?post=2068"}],"version-history":[{"count":49,"href":"https:\/\/ddibuy.com\/es\/wp-json\/wp\/v2\/pages\/2068\/revisions"}],"predecessor-version":[{"id":2435,"href":"https:\/\/ddibuy.com\/es\/wp-json\/wp\/v2\/pages\/2068\/revisions\/2435"}],"wp:featuredmedia":[{"embeddable":true,"href":"https:\/\/ddibuy.com\/es\/wp-json\/wp\/v2\/media\/2067"}],"wp:attachment":[{"href":"https:\/\/ddibuy.com\/es\/wp-json\/wp\/v2\/media?parent=2068"}],"curies":[{"name":"wp","href":"https:\/\/api.w.org\/{rel}","templated":true}]}}