{"id":2068,"date":"2025-11-07T13:30:06","date_gmt":"2025-11-07T13:30:06","guid":{"rendered":"https:\/\/ddibuy.com\/?page_id=2068"},"modified":"2025-11-18T10:07:36","modified_gmt":"2025-11-18T10:07:36","slug":"ddibuy-about-us","status":"publish","type":"page","link":"https:\/\/ddibuy.com\/de\/ddibuy-about-us\/","title":{"rendered":"\u00dcber Uns"},"content":{"rendered":"<div data-elementor-type=\"wp-page\" data-elementor-id=\"2068\" class=\"elementor elementor-2068\" data-elementor-post-type=\"page\">\n\t\t\t\t<div class=\"elementor-element elementor-element-37dd69b e-flex e-con-boxed e-con e-parent\" data-id=\"37dd69b\" data-element_type=\"container\" data-e-type=\"container\">\n\t\t\t\t\t<div class=\"e-con-inner\">\n\t\t\t\t<div class=\"elementor-element elementor-element-80cb66a elementor-widget elementor-widget-spacer\" data-id=\"80cb66a\" data-element_type=\"widget\" data-e-type=\"widget\" data-widget_type=\"spacer.default\">\n\t\t\t\t\t\t\t<div class=\"elementor-spacer\">\n\t\t\t<div class=\"elementor-spacer-inner\"><\/div>\n\t\t<\/div>\n\t\t\t\t\t\t<\/div>\n\t\t\t\t\t<\/div>\n\t\t\t\t<\/div>\n\t\t<div class=\"elementor-element elementor-element-d56718e e-flex e-con-boxed e-con e-parent\" data-id=\"d56718e\" data-element_type=\"container\" data-e-type=\"container\" data-settings=\"{&quot;background_background&quot;:&quot;classic&quot;}\">\n\t\t\t\t\t<div class=\"e-con-inner\">\n\t\t<div class=\"elementor-element elementor-element-203b515 e-con-full e-flex e-con e-child\" data-id=\"203b515\" data-element_type=\"container\" data-e-type=\"container\" data-settings=\"{&quot;background_background&quot;:&quot;classic&quot;}\">\n\t\t\t\t<div class=\"elementor-element elementor-element-9c551ed elementor-widget elementor-widget-heading\" data-id=\"9c551ed\" data-element_type=\"widget\" data-e-type=\"widget\" data-widget_type=\"heading.default\">\n\t\t\t\t\t<h1 class=\"elementor-heading-title elementor-size-default\">DDiBuy \u00dcber Uns \u2014 Ehrliche Beauty-Bewertungen, Unsere Geschichte und Unsere Mission<\/h1>\t\t\t\t<\/div>\n\t\t\t\t<div class=\"elementor-element elementor-element-e59ef12 elementor-widget elementor-widget-text-editor\" data-id=\"e59ef12\" data-element_type=\"widget\" data-e-type=\"widget\" data-widget_type=\"text-editor.default\">\n\t\t\t\t\t\t\t\t\t<p data-start=\"1647\" data-end=\"1861\">Willkommen bei <strong data-start=\"329\" data-end=\"339\">DDiBuy<\/strong>, Ihrer vertrauensw\u00fcrdigen globalen Plattform f\u00fcr ehrliche Beauty-Bewertungen und Hautpflegetipps.<br data-start=\"425\" data-end=\"428\" \/>Auf dieser <strong data-start=\"436\" data-end=\"455\">DDiBuy \u00dcber uns<\/strong> Seite m\u00f6chten wir teilen, wer wir sind, wie wir angefangen haben und warum Tausende von Beauty-Liebhabern t\u00e4glich auf unsere Inhalte vertrauen.<\/p>\t\t\t\t\t\t\t\t<\/div>\n\t\t\t\t<div class=\"elementor-element elementor-element-e9cd835 elementor-widget elementor-widget-spacer\" data-id=\"e9cd835\" data-element_type=\"widget\" data-e-type=\"widget\" data-widget_type=\"spacer.default\">\n\t\t\t\t\t\t\t<div class=\"elementor-spacer\">\n\t\t\t<div class=\"elementor-spacer-inner\"><\/div>\n\t\t<\/div>\n\t\t\t\t\t\t<\/div>\n\t\t\t\t<\/div>\n\t\t\t\t<div class=\"elementor-element elementor-element-74d16b6 elementor-widget elementor-widget-spacer\" data-id=\"74d16b6\" data-element_type=\"widget\" data-e-type=\"widget\" data-widget_type=\"spacer.default\">\n\t\t\t\t\t\t\t<div class=\"elementor-spacer\">\n\t\t\t<div class=\"elementor-spacer-inner\"><\/div>\n\t\t<\/div>\n\t\t\t\t\t\t<\/div>\n\t\t\t\t\t<\/div>\n\t\t\t\t<\/div>\n\t\t<div class=\"elementor-element elementor-element-a0b842f e-flex e-con-boxed e-con e-parent\" data-id=\"a0b842f\" data-element_type=\"container\" data-e-type=\"container\">\n\t\t\t\t\t<div class=\"e-con-inner\">\n\t\t<div class=\"elementor-element elementor-element-9a80f52 e-con-full e-flex e-con e-child\" data-id=\"9a80f52\" data-element_type=\"container\" data-e-type=\"container\" data-settings=\"{&quot;background_background&quot;:&quot;classic&quot;}\">\n\t\t\t\t<div class=\"elementor-element elementor-element-309310e elementor-widget elementor-widget-heading\" data-id=\"309310e\" data-element_type=\"widget\" data-e-type=\"widget\" data-widget_type=\"heading.default\">\n\t\t\t\t\t<h2 class=\"elementor-heading-title elementor-size-default\">Unsere Geschichte \u2014 Wie DDiBuy begann<\/h2>\t\t\t\t<\/div>\n\t\t\t\t<div class=\"elementor-element elementor-element-e8d38fd elementor-widget elementor-widget-text-editor\" data-id=\"e8d38fd\" data-element_type=\"widget\" data-e-type=\"widget\" data-widget_type=\"text-editor.default\">\n\t\t\t\t\t\t\t\t\t<p data-start=\"618\" data-end=\"736\">DDiBuy begann mit einer einfachen Vision:<br data-start=\"652\" data-end=\"655\" \/><strong data-start=\"655\" data-end=\"736\">Beauty-K\u00e4ufer mit echten, unvoreingenommenen, erfahrungsbasierten Produktinformationen zu versorgen.<\/strong><\/p><p data-start=\"738\" data-end=\"902\">Da die Sch\u00f6nheitsbranche mit gesponserten Beitr\u00e4gen, irref\u00fchrenden Anzeigen und \u00fcberm\u00e4\u00dfig poliertem Marketing gef\u00fcllt wurde, wurde es f\u00fcr Verbraucher schwieriger, ehrliche Meinungen zu finden zu:<\/p><ul data-start=\"904\" data-end=\"1058\"><li data-start=\"904\" data-end=\"947\"><p data-start=\"906\" data-end=\"947\">Welche Foundation wirklich gut funktioniert<\/p><\/li><li data-start=\"948\" data-end=\"995\"><p data-start=\"950\" data-end=\"995\">Welche Hautpflegeprodukte das Geld wert sind<\/p><\/li><li data-start=\"996\" data-end=\"1028\"><p data-start=\"998\" data-end=\"1028\">Welche Marken vertrauensw\u00fcrdig sind<\/p><\/li><li data-start=\"1029\" data-end=\"1058\"><p data-start=\"1031\" data-end=\"1058\">Welche Produkte \u00fcberbewertet werden<\/p><\/li><\/ul><p data-start=\"1060\" data-end=\"1183\">Wir haben DDiBuy als L\u00f6sung geschaffen \u2014 einen Raum, in dem <strong data-start=\"1108\" data-end=\"1140\">Wahrheit vor Marketing steht<\/strong>, und <strong data-start=\"1146\" data-end=\"1182\">echte Tests vor Trends kommen<\/strong>.<\/p>\t\t\t\t\t\t\t\t<\/div>\n\t\t\t\t<\/div>\n\t\t\t\t\t<\/div>\n\t\t\t\t<\/div>\n\t\t<div class=\"elementor-element elementor-element-237b53a e-flex e-con-boxed e-con e-parent\" data-id=\"237b53a\" data-element_type=\"container\" data-e-type=\"container\">\n\t\t\t\t\t<div class=\"e-con-inner\">\n\t\t\t\t<div class=\"elementor-element elementor-element-14adb1e elementor-widget elementor-widget-spacer\" data-id=\"14adb1e\" data-element_type=\"widget\" data-e-type=\"widget\" data-widget_type=\"spacer.default\">\n\t\t\t\t\t\t\t<div class=\"elementor-spacer\">\n\t\t\t<div class=\"elementor-spacer-inner\"><\/div>\n\t\t<\/div>\n\t\t\t\t\t\t<\/div>\n\t\t\t\t\t<\/div>\n\t\t\t\t<\/div>\n\t\t<div class=\"elementor-element elementor-element-e3f940f e-flex e-con-boxed e-con e-parent\" data-id=\"e3f940f\" data-element_type=\"container\" data-e-type=\"container\">\n\t\t\t\t\t<div class=\"e-con-inner\">\n\t\t<div class=\"elementor-element elementor-element-db97c7e e-con-full e-flex e-con e-child\" data-id=\"db97c7e\" data-element_type=\"container\" data-e-type=\"container\">\n\t\t\t\t<div class=\"elementor-element elementor-element-5ffba1c elementor-widget elementor-widget-heading\" data-id=\"5ffba1c\" data-element_type=\"widget\" data-e-type=\"widget\" data-widget_type=\"heading.default\">\n\t\t\t\t\t<h2 class=\"elementor-heading-title elementor-size-default\">Lerne den Gr\u00fcnder kennen<\/h2>\t\t\t\t<\/div>\n\t\t\t\t<div class=\"elementor-element elementor-element-cf2441e elementor-widget elementor-widget-text-editor\" data-id=\"cf2441e\" data-element_type=\"widget\" data-e-type=\"widget\" data-widget_type=\"text-editor.default\">\n\t\t\t\t\t\t\t\t\t<p data-start=\"1215\" data-end=\"1420\">DDiBuy wurde von einem langj\u00e4hrigen Beauty-Enthusiasten gegr\u00fcndet, der Jahre damit verbrachte, globale Make-up-Trends zu analysieren, Hunderte von Produkten auszuprobieren und internationalen K\u00e4ufern zu helfen, kl\u00fcgere und sicherere Kaufentscheidungen zu treffen.<\/p><p data-start=\"1422\" data-end=\"1469\">Bevor er DDiBuy gr\u00fcndete, arbeitete unser Gr\u00fcnder als:<\/p><ul data-start=\"1471\" data-end=\"1662\"><li data-start=\"1471\" data-end=\"1511\"><p data-start=\"1473\" data-end=\"1511\">Ein Beauty-Reviewer und Produkttester<\/p><\/li><li data-start=\"1512\" data-end=\"1557\"><p data-start=\"1514\" data-end=\"1557\">Ein Berater f\u00fcr Beauty-Shopping im Ausland<\/p><\/li><li data-start=\"1558\" data-end=\"1590\"><p data-start=\"1560\" data-end=\"1590\">Ein Markenkooperationstester<\/p><\/li><li data-start=\"1591\" data-end=\"1662\"><p data-start=\"1593\" data-end=\"1662\">Ein Forscher im Bereich des Verbraucherverhaltens bei Sch\u00f6nheitspflege in Deutschland, Deutschland und Australien<\/p><\/li><\/ul><p data-start=\"1664\" data-end=\"1762\">Nach unz\u00e4hligen Produkttests und Gespr\u00e4chen mit echten Nutzern entdeckte sie ein gro\u00dfes Problem:<\/p><blockquote data-start=\"1764\" data-end=\"1851\"><p data-start=\"1766\" data-end=\"1851\"><strong data-start=\"1766\" data-end=\"1851\">Menschen brauchten keine weitere Werbung. Sie brauchten ehrliche Bewertungen, denen sie vertrauen konnten.<\/strong><\/p><\/blockquote><p data-start=\"1853\" data-end=\"1887\">DDiBuy wurde entwickelt, um diese L\u00fccke zu schlie\u00dfen.<\/p>\t\t\t\t\t\t\t\t<\/div>\n\t\t\t\t<\/div>\n\t\t\t\t\t<\/div>\n\t\t\t\t<\/div>\n\t\t<div class=\"elementor-element elementor-element-18ac794 e-flex e-con-boxed e-con e-parent\" data-id=\"18ac794\" data-element_type=\"container\" data-e-type=\"container\">\n\t\t\t\t\t<div class=\"e-con-inner\">\n\t\t<div class=\"elementor-element elementor-element-bd73569 e-con-full e-flex e-con e-child\" data-id=\"bd73569\" data-element_type=\"container\" data-e-type=\"container\">\n\t\t\t\t<div class=\"elementor-element elementor-element-94e7a27 elementor-widget elementor-widget-heading\" data-id=\"94e7a27\" data-element_type=\"widget\" data-e-type=\"widget\" data-widget_type=\"heading.default\">\n\t\t\t\t\t<h2 class=\"elementor-heading-title elementor-size-default\">Unsere Mission \u2014 Wof\u00fcr wir stehen<\/h2>\t\t\t\t<\/div>\n\t\t\t\t<div class=\"elementor-element elementor-element-d764965 elementor-widget elementor-widget-text-editor\" data-id=\"d764965\" data-element_type=\"widget\" data-e-type=\"widget\" data-widget_type=\"text-editor.default\">\n\t\t\t\t\t\t\t\t\t<p data-start=\"1934\" data-end=\"1955\">Unsere Mission ist klar:<\/p><blockquote data-start=\"1957\" data-end=\"2057\"><p data-start=\"1959\" data-end=\"2057\"><strong data-start=\"1959\" data-end=\"2057\">Dir zu helfen, selbstbewusste Sch\u00f6nheitsentscheidungen durch transparente, detaillierte und ehrliche Bewertungen zu treffen.<\/strong><\/p><\/blockquote><p data-start=\"2059\" data-end=\"2076\">Wir spezialisieren uns auf:<\/p><h3 data-start=\"2078\" data-end=\"2117\">\u2714 Make-up- &amp; Sch\u00f6nheitsproduktbewertungen<\/h3><p data-start=\"2118\" data-end=\"2242\">Echte Textur, echter Tragetest, echte Ergebnisse.<br data-start=\"2161\" data-end=\"2164\" \/>Alle unsere ausf\u00fchrlichen Bewertungen findest du hier:<a href=\"https:\/\/ddibuy.com\/de\/product-review\/\"><strong>Produktbewertung<\/strong><\/a><\/p><h3 data-start=\"2244\" data-end=\"2276\">\u2714 Hautpflegeempfehlungen<\/h3><p data-start=\"2277\" data-end=\"2391\">Von empfindlicher Haut bis Anti-Aging-Routinen, alles basiert auf echten Erfahrungen und Inhaltsstoffanalysen.<\/p><h3 data-start=\"2393\" data-end=\"2439\">\u2714 Beauty-Duplikate (Erschwingliche Alternativen)<\/h3><p data-start=\"2440\" data-end=\"2513\">Wir helfen Nutzern, Geld zu sparen, indem wir hochwertige, budgetfreundliche Optionen finden.<\/p><h3 data-start=\"2515\" data-end=\"2542\">\u2714 Produktvergleiche<\/h3><p data-start=\"2543\" data-end=\"2601\">Vergleichs\u00fcbersichten, um zu zeigen, was wirklich kaufenswert ist.<\/p><p data-start=\"2603\" data-end=\"2721\">F\u00fcr weitere Beauty-Updates, Anleitungen und Experteneinblicke besuchen Sie unseren Beauty News Blog:<a href=\"https:\/\/ddibuy.com\/de\/beauty-news\/\"><strong>beauty-news<\/strong><\/a><\/p>\t\t\t\t\t\t\t\t<\/div>\n\t\t\t\t<\/div>\n\t\t\t\t\t<\/div>\n\t\t\t\t<\/div>\n\t\t<div class=\"elementor-element elementor-element-782ad10 e-flex e-con-boxed e-con e-parent\" data-id=\"782ad10\" data-element_type=\"container\" data-e-type=\"container\">\n\t\t\t\t\t<div class=\"e-con-inner\">\n\t\t<div class=\"elementor-element elementor-element-d7edf5c e-con-full e-flex e-con e-child\" data-id=\"d7edf5c\" data-element_type=\"container\" data-e-type=\"container\">\n\t\t\t\t<div class=\"elementor-element elementor-element-5e3402c elementor-widget elementor-widget-heading\" data-id=\"5e3402c\" data-element_type=\"widget\" data-e-type=\"widget\" data-widget_type=\"heading.default\">\n\t\t\t\t\t<h2 class=\"elementor-heading-title elementor-size-default\">Was unterscheidet DDiBuy?<\/h2>\t\t\t\t<\/div>\n\t\t\t\t<div class=\"elementor-element elementor-element-711cf7e elementor-widget elementor-widget-text-editor\" data-id=\"711cf7e\" data-element_type=\"widget\" data-e-type=\"widget\" data-widget_type=\"text-editor.default\">\n\t\t\t\t\t\t\t\t\t<h3 data-start=\"2765\" data-end=\"2816\"><strong data-start=\"2769\" data-end=\"2814\">1. Echte Erfahrung, keine gesponserten Skripte<\/strong><\/h3><p data-start=\"2817\" data-end=\"2878\">Jede Bewertung basiert auf tats\u00e4chlichen Tests \u2013 nicht auf bezahlter Einflussnahme.<\/p><h3 data-start=\"2880\" data-end=\"2922\"><strong data-start=\"2884\" data-end=\"2920\">2. Wir kombinieren Wissenschaft + reale Nutzung<\/strong><\/h3><p data-start=\"2923\" data-end=\"2993\">Wir analysieren Formeln, Inhaltsstoffe, Textur, Haltbarkeit und Leistung.<\/p><h3 data-start=\"2995\" data-end=\"3023\"><strong data-start=\"2999\" data-end=\"3021\">3. Globales Publikum<\/strong><\/h3><p data-start=\"3024\" data-end=\"3100\">Wir bedienen Leser in den USA, Gro\u00dfbritannien, Kanada, Australien, Europa und mehr.<\/p><h3 data-start=\"3102\" data-end=\"3134\"><strong data-start=\"3106\" data-end=\"3132\">4. Wir bleiben unabh\u00e4ngig<\/strong><\/h3><p data-start=\"3135\" data-end=\"3181\">Marken tun <strong data-start=\"3145\" data-end=\"3152\">keine<\/strong> unsere Bewertungen nicht kontrollieren oder bearbeiten.<\/p><h3 data-start=\"3183\" data-end=\"3224\"><strong data-start=\"3187\" data-end=\"3222\">5. Kontinuierlich aktualisierte Inhalte<\/strong><\/h3><p data-start=\"3225\" data-end=\"3301\">Wenn Produkte neu formuliert werden oder sich Trends \u00e4ndern, aktualisieren wir unsere Bewertungen entsprechend.<\/p>\t\t\t\t\t\t\t\t<\/div>\n\t\t\t\t<\/div>\n\t\t\t\t\t<\/div>\n\t\t\t\t<\/div>\n\t\t<div class=\"elementor-element elementor-element-9b25afa e-flex e-con-boxed e-con e-parent\" data-id=\"9b25afa\" data-element_type=\"container\" data-e-type=\"container\">\n\t\t\t\t\t<div class=\"e-con-inner\">\n\t\t<div class=\"elementor-element elementor-element-c3fd2d4 e-con-full e-flex e-con e-child\" data-id=\"c3fd2d4\" data-element_type=\"container\" data-e-type=\"container\">\n\t\t\t\t<div class=\"elementor-element elementor-element-12be83d elementor-widget elementor-widget-heading\" data-id=\"12be83d\" data-element_type=\"widget\" data-e-type=\"widget\" data-widget_type=\"heading.default\">\n\t\t\t\t\t<h2 class=\"elementor-heading-title elementor-size-default\">Unsere Vision \u2013 Wohin DDiBuy geht<\/h2>\t\t\t\t<\/div>\n\t\t\t\t<div class=\"elementor-element elementor-element-9a42623 elementor-widget elementor-widget-text-editor\" data-id=\"9a42623\" data-element_type=\"widget\" data-e-type=\"widget\" data-widget_type=\"text-editor.default\">\n\t\t\t\t\t\t\t\t\t<p data-start=\"3351\" data-end=\"3378\">Wir wollen DDiBuy ausbauen zu:<\/p><p data-start=\"3380\" data-end=\"3563\">\ud83c\udf0d Eine weltweit anerkannte Quelle f\u00fcr ehrliche Beauty-Inhalte<br data-start=\"3436\" data-end=\"3439\" \/>\ud83d\udc84 Eine vertrauensw\u00fcrdige Datenbank f\u00fcr Make-up- und Hautpflegek\u00e4ufer<br data-start=\"3491\" data-end=\"3494\" \/>\ud83d\udd0d Ein Top-Hub f\u00fcr Produktvergleiche und inhaltsstoffbasierte Aufkl\u00e4rung<\/p><p data-start=\"3565\" data-end=\"3591\">Zuk\u00fcnftige Erweiterungen umfassen:<\/p><ul data-start=\"3593\" data-end=\"3737\"><li data-start=\"3593\" data-end=\"3611\"><p data-start=\"3595\" data-end=\"3611\">Sch\u00f6nheitskurse<\/p><\/li><li data-start=\"3612\" data-end=\"3640\"><p data-start=\"3614\" data-end=\"3640\">Sicherheitsleitf\u00e4den f\u00fcr Inhaltsstoffe<\/p><\/li><li data-start=\"3641\" data-end=\"3677\"><p data-start=\"3643\" data-end=\"3677\">Preiswerte Produktbewertungen<\/p><\/li><li data-start=\"3678\" data-end=\"3710\"><p data-start=\"3680\" data-end=\"3710\">Community-Bewertungsbeitr\u00e4ge<\/p><\/li><li data-start=\"3711\" data-end=\"3737\"><p data-start=\"3713\" data-end=\"3737\">Trendanalysen-Berichte<\/p><\/li><\/ul>\t\t\t\t\t\t\t\t<\/div>\n\t\t\t\t<\/div>\n\t\t\t\t\t<\/div>\n\t\t\t\t<\/div>\n\t\t<div class=\"elementor-element elementor-element-48a7657 e-flex e-con-boxed e-con e-parent\" data-id=\"48a7657\" data-element_type=\"container\" data-e-type=\"container\">\n\t\t\t\t\t<div class=\"e-con-inner\">\n\t\t<div class=\"elementor-element elementor-element-7a0f0db e-con-full e-flex e-con e-child\" data-id=\"7a0f0db\" data-element_type=\"container\" data-e-type=\"container\">\n\t\t\t\t<div class=\"elementor-element elementor-element-1f3a690 elementor-widget elementor-widget-heading\" data-id=\"1f3a690\" data-element_type=\"widget\" data-e-type=\"widget\" data-widget_type=\"heading.default\">\n\t\t\t\t\t<h2 class=\"elementor-heading-title elementor-size-default\">Unser Versprechen an Sie<\/h2>\t\t\t\t<\/div>\n\t\t\t\t<div class=\"elementor-element elementor-element-d5ae21b elementor-widget elementor-widget-text-editor\" data-id=\"d5ae21b\" data-element_type=\"widget\" data-e-type=\"widget\" data-widget_type=\"text-editor.default\">\n\t\t\t\t\t\t\t\t\t<p data-start=\"3771\" data-end=\"3794\">Wir versprechen allen Lesern:<\/p><p data-start=\"3796\" data-end=\"3928\">\u2728 Transparente Bewertungen<br data-start=\"3817\" data-end=\"3820\" \/>\u2728 Echte Ergebnisse, kein Besch\u00f6nigen<br data-start=\"3851\" data-end=\"3854\" \/>\u2728 Klare Vor- und Nachteile<br data-start=\"3875\" data-end=\"3878\" \/>\u2728 Keine bezahlte Voreingenommenheit<br data-start=\"3892\" data-end=\"3895\" \/>\u2728 Immer kundenorientierte Inhalte<\/p><p data-start=\"3930\" data-end=\"3970\">Wenn es nicht ehrlich ist, ver\u00f6ffentlichen wir es nicht.<\/p>\t\t\t\t\t\t\t\t<\/div>\n\t\t\t\t<\/div>\n\t\t\t\t\t<\/div>\n\t\t\t\t<\/div>\n\t\t<div class=\"elementor-element elementor-element-aca448e e-flex e-con-boxed e-con e-parent\" data-id=\"aca448e\" data-element_type=\"container\" data-e-type=\"container\">\n\t\t\t\t\t<div class=\"e-con-inner\">\n\t\t<div class=\"elementor-element elementor-element-56c373e e-con-full e-flex e-con e-child\" data-id=\"56c373e\" data-element_type=\"container\" data-e-type=\"container\">\n\t\t\t\t<div class=\"elementor-element elementor-element-235aca4 elementor-widget elementor-widget-heading\" data-id=\"235aca4\" data-element_type=\"widget\" data-e-type=\"widget\" data-widget_type=\"heading.default\">\n\t\t\t\t\t<h2 class=\"elementor-heading-title elementor-size-default\">Unser Versprechen bei DDiBuy \u00dcber uns<\/h2>\t\t\t\t<\/div>\n\t\t\t\t<div class=\"elementor-element elementor-element-f0db032 elementor-widget elementor-widget-text-editor\" data-id=\"f0db032\" data-element_type=\"widget\" data-e-type=\"widget\" data-widget_type=\"text-editor.default\">\n\t\t\t\t\t\t\t\t\t<p data-start=\"2883\" data-end=\"3064\">Jede Bewertung auf DDiBuy wird mit Sorgfalt, Neugier und Ehrlichkeit erstellt.<br data-start=\"2951\" data-end=\"2954\" \/>Wir konzentrieren uns auf echte Erfahrungen und forschungsbasierte Analysen, um Ihnen zuverl\u00e4ssige <strong data-start=\"3033\" data-end=\"3061\">Hautpflegeempfehlungen<\/strong>.<\/p><p data-start=\"3066\" data-end=\"3313\">Wenn Sie zusammenarbeiten, Fragen stellen oder Produkte f\u00fcr Bewertungen vorschlagen m\u00f6chten, besuchen Sie bitte unsere <strong><a class=\"decorated-link cursor-pointer\" href=\"https:\/\/ddibuy.com\/de\/contact-ddibuy\/\" target=\"_blank\" rel=\"noopener\" data-start=\"3160\" data-end=\"3203\">Kontaktseite<\/a><\/strong>.<br data-start=\"3204\" data-end=\"3207\" \/>Sie k\u00f6nnen auch mehr \u00fcber Datenschutz in unserem <strong><a class=\"decorated-link cursor-pointer\" href=\"https:\/\/ddibuy.com\/de\/ddibuy-privacy-policy\/\" target=\"_blank\" rel=\"noopener\" data-start=\"3260\" data-end=\"3312\">Datenschutzrichtlinie<\/a><\/strong>.<\/p>\t\t\t\t\t\t\t\t<\/div>\n\t\t<div class=\"elementor-element elementor-element-23ff974 e-con-full e-flex e-con e-child\" data-id=\"23ff974\" data-element_type=\"container\" data-e-type=\"container\">\n\t\t\t\t<\/div>\n\t\t\t\t<\/div>\n\t\t\t\t\t<\/div>\n\t\t\t\t<\/div>\n\t\t<div class=\"elementor-element elementor-element-80adaed e-flex e-con-boxed e-con e-parent\" data-id=\"80adaed\" data-element_type=\"container\" data-e-type=\"container\">\n\t\t\t\t\t<div class=\"e-con-inner\">\n\t\t\t\t<div class=\"elementor-element elementor-element-9581d34 elementor-widget elementor-widget-spacer\" data-id=\"9581d34\" data-element_type=\"widget\" data-e-type=\"widget\" data-widget_type=\"spacer.default\">\n\t\t\t\t\t\t\t<div class=\"elementor-spacer\">\n\t\t\t<div class=\"elementor-spacer-inner\"><\/div>\n\t\t<\/div>\n\t\t\t\t\t\t<\/div>\n\t\t\t\t\t<\/div>\n\t\t\t\t<\/div>\n\t\t\t\t<\/div>","protected":false},"excerpt":{"rendered":"<p>DDiBuy About Us \u2014 Honest Beauty Reviews &amp; Real Experience Welcome to the DDiBuy About Us page \u2014 a beauty review site built on transparency and trust.Our goal is simple: to make honest makeup reviews and skincare recommendations accessible to everyone. At DDiBuy, we test, compare, and share our findings so readers can make confident [&hellip;]<\/p>\n","protected":false},"author":1,"featured_media":2067,"parent":0,"menu_order":0,"comment_status":"closed","ping_status":"closed","template":"","meta":{"footnotes":""},"class_list":["post-2068","page","type-page","status-publish","has-post-thumbnail","hentry"],"blocksy_meta":[],"_links":{"self":[{"href":"https:\/\/ddibuy.com\/de\/wp-json\/wp\/v2\/pages\/2068","targetHints":{"allow":["GET"]}}],"collection":[{"href":"https:\/\/ddibuy.com\/de\/wp-json\/wp\/v2\/pages"}],"about":[{"href":"https:\/\/ddibuy.com\/de\/wp-json\/wp\/v2\/types\/page"}],"author":[{"embeddable":true,"href":"https:\/\/ddibuy.com\/de\/wp-json\/wp\/v2\/users\/1"}],"replies":[{"embeddable":true,"href":"https:\/\/ddibuy.com\/de\/wp-json\/wp\/v2\/comments?post=2068"}],"version-history":[{"count":49,"href":"https:\/\/ddibuy.com\/de\/wp-json\/wp\/v2\/pages\/2068\/revisions"}],"predecessor-version":[{"id":2435,"href":"https:\/\/ddibuy.com\/de\/wp-json\/wp\/v2\/pages\/2068\/revisions\/2435"}],"wp:featuredmedia":[{"embeddable":true,"href":"https:\/\/ddibuy.com\/de\/wp-json\/wp\/v2\/media\/2067"}],"wp:attachment":[{"href":"https:\/\/ddibuy.com\/de\/wp-json\/wp\/v2\/media?parent=2068"}],"curies":[{"name":"wp","href":"https:\/\/api.w.org\/{rel}","templated":true}]}}